{"id":107,"date":"2021-10-21T08:52:32","date_gmt":"2021-10-21T06:52:32","guid":{"rendered":"https:\/\/www.nkdgroup.com\/?page_id=107"},"modified":"2026-04-02T08:20:27","modified_gmt":"2026-04-02T06:20:27","slug":"legal-notice","status":"publish","type":"page","link":"https:\/\/www.nkdgroup.com\/en\/legal-notice\/","title":{"rendered":"Legal notice"},"content":{"rendered":"\t\t<div data-elementor-type=\"wp-page\" data-elementor-id=\"107\" class=\"elementor elementor-107\" data-elementor-post-type=\"page\">\n\t\t\t\t\t\t<section class=\"elementor-section elementor-top-section elementor-element elementor-element-5cc1f56 elementor-section-boxed elementor-section-height-default elementor-section-height-default\" data-id=\"5cc1f56\" data-element_type=\"section\" data-e-type=\"section\">\n\t\t\t\t\t\t<div class=\"elementor-container elementor-column-gap-default\">\n\t\t\t\t\t<div class=\"elementor-column elementor-col-100 elementor-top-column elementor-element elementor-element-23a4312\" data-id=\"23a4312\" data-element_type=\"column\" data-e-type=\"column\">\n\t\t\t<div class=\"elementor-widget-wrap elementor-element-populated\">\n\t\t\t\t\t\t<div class=\"elementor-element elementor-element-c5e31f7 elementor-widget elementor-widget-heading\" data-id=\"c5e31f7\" data-element_type=\"widget\" data-e-type=\"widget\" data-widget_type=\"heading.default\">\n\t\t\t\t<div class=\"elementor-widget-container\">\n\t\t\t\t\t<h1 class=\"elementor-heading-title elementor-size-default\">Legal Notice<\/h1>\t\t\t\t<\/div>\n\t\t\t\t<\/div>\n\t\t\t\t\t<\/div>\n\t\t<\/div>\n\t\t\t\t\t<\/div>\n\t\t<\/section>\n\t\t\t\t<section class=\"elementor-section elementor-top-section elementor-element elementor-element-d347ee6 elementor-section-boxed elementor-section-height-default elementor-section-height-default\" data-id=\"d347ee6\" data-element_type=\"section\" data-e-type=\"section\" data-settings=\"{&quot;background_background&quot;:&quot;classic&quot;}\">\n\t\t\t\t\t\t<div class=\"elementor-container elementor-column-gap-default\">\n\t\t\t\t\t<div class=\"elementor-column elementor-col-50 elementor-top-column elementor-element elementor-element-60ed637\" data-id=\"60ed637\" data-element_type=\"column\" data-e-type=\"column\">\n\t\t\t<div class=\"elementor-widget-wrap elementor-element-populated\">\n\t\t\t\t\t\t<div class=\"elementor-element elementor-element-debccb9 elementor-widget elementor-widget-text-editor\" data-id=\"debccb9\" data-element_type=\"widget\" data-e-type=\"widget\" data-widget_type=\"text-editor.default\">\n\t\t\t\t<div class=\"elementor-widget-container\">\n\t\t\t\t\t\t\t\t\t<p><strong>NKD Group GmbH<\/strong><br \/>B\u00fchlstra\u00dfe 5 \u2013 7<br \/>95463 Bindlach<br \/>Germany<\/p><p><strong>Tel.:<\/strong>\u00a0+49 89 20188840 (billable, according to your phone contract)<em><br \/>Mo.-Fr. 8 a.m. to 8 p.m., Sa. 10 a.m. to 6 p.m.<\/em><br \/><strong>Fax:<\/strong>\u00a0+49 9208 699-209<br \/><strong>Email:<\/strong>\u00a0<a href=\"mailto:PRESSE@NKD.COM\"><strong>PRESSE@NKD.COM +<\/strong><\/a><\/p><p>Data Privacy Contact:<br \/><strong>Email:<\/strong>\u00a0<a href=\"mailto:DATENSCHUTZ@NKD.COM\"><strong>DATENSCHUTZ@NKD.COM +<\/strong><\/a><\/p><p><strong>Commercial Register:<\/strong>\u00a0Bayreuth HRB 5902<br \/><strong>District Court:<\/strong>\u00a0Bayreuth<br \/><strong>VAT ID-No.:<\/strong>\u00a0DE 293 542 139<br \/><strong>WEEE-Reg.-Nr.:\u00a0<\/strong>DE 37783416<br \/><strong>Represented by<\/strong> Alexander Schm\u00f6kel and Nils Bolender<\/p>\t\t\t\t\t\t\t\t<\/div>\n\t\t\t\t<\/div>\n\t\t\t\t<div class=\"elementor-element elementor-element-c1d6683 elementor-widget-divider--view-line elementor-widget elementor-widget-divider\" data-id=\"c1d6683\" data-element_type=\"widget\" data-e-type=\"widget\" data-widget_type=\"divider.default\">\n\t\t\t\t<div class=\"elementor-widget-container\">\n\t\t\t\t\t\t\t<div class=\"elementor-divider\">\n\t\t\t<span class=\"elementor-divider-separator\">\n\t\t\t\t\t\t<\/span>\n\t\t<\/div>\n\t\t\t\t\t\t<\/div>\n\t\t\t\t<\/div>\n\t\t\t\t<div class=\"elementor-element elementor-element-9624ab2 elementor-widget elementor-widget-text-editor\" data-id=\"9624ab2\" data-element_type=\"widget\" data-e-type=\"widget\" data-widget_type=\"text-editor.default\">\n\t\t\t\t<div class=\"elementor-widget-container\">\n\t\t\t\t\t\t\t\t\t<p><strong>NKD Deutschland GmbH<\/strong><br>B\u00fchlstra\u00dfe 5 \u2013 7<br>95463 Bindlach<br>Germany<\/p>\n<p><strong>Tel.:<\/strong>&nbsp;+49 89 20188840 (billable, according to your phone contract)<br><i>Mo.-Fr. 8 a.m. to 8 p.m., Sa. 10 a.m. to 6 p.m.<\/i><br><strong>Fax:<\/strong>&nbsp;+49 9208 699-209<br><strong>Email:<\/strong> <a href=\"mailto:PRESSE@NKD.COM\"><strong>PRESSE@NKD.COM +<\/strong><\/a><\/p>\n<p>Data Privacy <br><strong>Email:<\/strong> <a href=\"mailto:datenschutz@nkd.com\"><strong>DATENSCHUTZ@NKD.COM +<\/strong><\/a><\/p>\n<p><strong>Commercial Register:<\/strong>&nbsp;Bayreuth HRB 5760<br><strong>District Court:<\/strong>&nbsp;Bayreuth<br><strong>VAT ID-No.:<\/strong>&nbsp;DE 815 432 787<br><strong>WEEE-Reg.-Nr.:&nbsp;<\/strong>DE 37783416<br><strong>Represented by<\/strong> Alexander Schm\u00f6kel, Nils Bolender and Harry Sprenger<\/p>\t\t\t\t\t\t\t\t<\/div>\n\t\t\t\t<\/div>\n\t\t\t\t<div class=\"elementor-element elementor-element-b287b81 elementor-widget-divider--view-line elementor-widget elementor-widget-divider\" data-id=\"b287b81\" data-element_type=\"widget\" data-e-type=\"widget\" data-widget_type=\"divider.default\">\n\t\t\t\t<div class=\"elementor-widget-container\">\n\t\t\t\t\t\t\t<div class=\"elementor-divider\">\n\t\t\t<span class=\"elementor-divider-separator\">\n\t\t\t\t\t\t<\/span>\n\t\t<\/div>\n\t\t\t\t\t\t<\/div>\n\t\t\t\t<\/div>\n\t\t\t\t<div class=\"elementor-element elementor-element-ad91faf elementor-widget elementor-widget-text-editor\" data-id=\"ad91faf\" data-element_type=\"widget\" data-e-type=\"widget\" data-widget_type=\"text-editor.default\">\n\t\t\t\t<div class=\"elementor-widget-container\">\n\t\t\t\t\t\t\t\t\t<p><strong>NKD \u00d6sterreich GmbH<br><\/strong>Bahnhofstra\u00dfe 16<br>4600 Wels<br>Austria<\/p>\n<p><strong>Tel.:<\/strong>&nbsp;+43 7242 79299-1000<br><strong>Fax:<\/strong>&nbsp;+43 7242 79299-1099<br><b>Email:&nbsp;<\/b><a href=\"mailto:nkd@nkd.at\"><strong>NKD@NKD.AT +<\/strong><\/a><\/p>\n<p>Data Privacy Contact:<br>Datenschutz konform GmbH, Spittelwiese 6, 4020 Linz<br><strong>Tel.:<\/strong>&nbsp;+43 (0) 7242 79299-0<br><strong>E<\/strong><b>mail:<\/b>&nbsp;<a href=\"mailto:datenschutz@nkd.at\"><strong>DATENSCHUTZ@NKD.AT +<\/strong><\/a><\/p>\n<p><strong>Commercial Register-No.:<\/strong>&nbsp;136376d<br><strong>Commercial Court:<\/strong>&nbsp;LG Wels<br><strong>VAT ID-No.:<\/strong>&nbsp;ATU 4140 1906<br>Represented by Eric-Sigurd Leckel and Udo-Stefan Wiedemann<\/p>\n<p>The Austrian Federal Economic Chamber<br><a href=\"http:\/\/www.wkoecg.at\/Web\/Ecg.aspx?FirmaID=255690a5-dd30-48d8-9cd8-2e1fa91e5a9d&amp;AspxAutoDetectCookieSupport=1\"><strong>COMPANY A-Z +<\/strong><\/a><\/p>\t\t\t\t\t\t\t\t<\/div>\n\t\t\t\t<\/div>\n\t\t\t\t<div class=\"elementor-element elementor-element-0d10c93 elementor-widget-divider--view-line elementor-widget elementor-widget-divider\" data-id=\"0d10c93\" data-element_type=\"widget\" data-e-type=\"widget\" data-widget_type=\"divider.default\">\n\t\t\t\t<div class=\"elementor-widget-container\">\n\t\t\t\t\t\t\t<div class=\"elementor-divider\">\n\t\t\t<span class=\"elementor-divider-separator\">\n\t\t\t\t\t\t<\/span>\n\t\t<\/div>\n\t\t\t\t\t\t<\/div>\n\t\t\t\t<\/div>\n\t\t\t\t<div class=\"elementor-element elementor-element-ddc6251 elementor-widget elementor-widget-text-editor\" data-id=\"ddc6251\" data-element_type=\"widget\" data-e-type=\"widget\" data-widget_type=\"text-editor.default\">\n\t\t\t\t<div class=\"elementor-widget-container\">\n\t\t\t\t\t\t\t\t\t<p><strong>NKD Italia srl.<\/strong><br>Via Bruno Buozzi 2D<br>39100 Bolzano<br>Italy<\/p>\n<p><strong>Tel.:<\/strong> +39 04715483 01<br><strong>Fax:<\/strong> +39 04715483 99<br><strong>Email:<\/strong> <strong><a href=\"mailto:info@nkd.it\">info@nkd.it<\/a><\/strong><\/p>\n<p>Data Privacy Contact:<br><strong>Email:<\/strong> <strong><a href=\"mailto:privacy@nkd.it\">privacy@nkd.it<\/a><\/strong><\/p>\n<p><strong>Commercial Register:<\/strong><br>Bozen I 02499780217<br><strong>Tax ID-No. &amp; VAT No.:<\/strong>&nbsp;I 02499780217<br><strong>Corporate Capital \u20ac 10.000,- fully deposited<br><\/strong>Represented by Adalberto Tosato&nbsp;<\/p>\t\t\t\t\t\t\t\t<\/div>\n\t\t\t\t<\/div>\n\t\t\t\t<div class=\"elementor-element elementor-element-6799074 elementor-widget-divider--view-line elementor-widget elementor-widget-divider\" data-id=\"6799074\" data-element_type=\"widget\" data-e-type=\"widget\" data-widget_type=\"divider.default\">\n\t\t\t\t<div class=\"elementor-widget-container\">\n\t\t\t\t\t\t\t<div class=\"elementor-divider\">\n\t\t\t<span class=\"elementor-divider-separator\">\n\t\t\t\t\t\t<\/span>\n\t\t<\/div>\n\t\t\t\t\t\t<\/div>\n\t\t\t\t<\/div>\n\t\t\t\t<div class=\"elementor-element elementor-element-35b75ae elementor-widget elementor-widget-text-editor\" data-id=\"35b75ae\" data-element_type=\"widget\" data-e-type=\"widget\" data-widget_type=\"text-editor.default\">\n\t\t\t\t<div class=\"elementor-widget-container\">\n\t\t\t\t\t\t\t\t\t<p><strong>NKD d.o.o.<\/strong><br \/>Resljeva ulica 16<br \/>SI-3000 Celje<br \/>Slowenia<\/p><p><strong>Tel.:<\/strong>\u00a0+386 \/ 3 \/ 424 &#8211; 2000<br \/><strong>Fax:<\/strong>\u00a0+386 \/ 3 \/ 424 &#8211; 2019<br \/><strong>Email:<\/strong>\u00a0<a href=\"mailto:tajnistvo@nkd.si\">tajnistvo@nkd.si<strong> +<\/strong><\/a><\/p><p><strong>Commercial Register:<\/strong> 1537920000<br \/><strong>District Court:<\/strong> Celje<br \/><strong>Tax ID-No. &amp; VAT No.:<\/strong>\u00a0SI 40128288<br \/>Represented by Nada Juri\u0161i\u0107 and Bla\u017eenka Kri\u017eanec<\/p>\t\t\t\t\t\t\t\t<\/div>\n\t\t\t\t<\/div>\n\t\t\t\t<div class=\"elementor-element elementor-element-530356a elementor-widget-divider--view-line elementor-widget elementor-widget-divider\" data-id=\"530356a\" data-element_type=\"widget\" data-e-type=\"widget\" data-widget_type=\"divider.default\">\n\t\t\t\t<div class=\"elementor-widget-container\">\n\t\t\t\t\t\t\t<div class=\"elementor-divider\">\n\t\t\t<span class=\"elementor-divider-separator\">\n\t\t\t\t\t\t<\/span>\n\t\t<\/div>\n\t\t\t\t\t\t<\/div>\n\t\t\t\t<\/div>\n\t\t\t\t<div class=\"elementor-element elementor-element-4a3e459 elementor-widget elementor-widget-text-editor\" data-id=\"4a3e459\" data-element_type=\"widget\" data-e-type=\"widget\" data-widget_type=\"text-editor.default\">\n\t\t\t\t<div class=\"elementor-widget-container\">\n\t\t\t\t\t\t\t\t\t<p><strong>NKD moda d.o.o.<\/strong><br \/>Radni\u010dka cesta 40<br \/>10000 Zagreb<br \/>Croatia<br \/><br \/><strong>Tel.:<\/strong>\u00a0+385 \/ 1 \/ 65990 -00<br \/><strong>Fax:<\/strong>\u00a0+385 \/ 1 \/ 65990 -01<br \/><strong>Email: <a href=\"mailto:TAJNISTVO@NKD.EU\">TAJNISTVO@NKD.EU +<\/a><\/strong><\/p><p><strong>Commercial Court:<\/strong>\u00a0Zagreb<br \/><strong>Register No.:<\/strong>\u00a02677288<br \/><strong>Commercial register No.:<\/strong>\u00a0080739970<br \/><strong>Tax ID No. &amp; VAT No.:<\/strong>\u00a096018002544<br \/>Represented by Nada Juri\u0161i\u0107 and Bla\u017eenka Kri\u017eanec<\/p>\t\t\t\t\t\t\t\t<\/div>\n\t\t\t\t<\/div>\n\t\t\t\t<div class=\"elementor-element elementor-element-4aeccff elementor-widget-divider--view-line elementor-widget elementor-widget-divider\" data-id=\"4aeccff\" data-element_type=\"widget\" data-e-type=\"widget\" data-widget_type=\"divider.default\">\n\t\t\t\t<div class=\"elementor-widget-container\">\n\t\t\t\t\t\t\t<div class=\"elementor-divider\">\n\t\t\t<span class=\"elementor-divider-separator\">\n\t\t\t\t\t\t<\/span>\n\t\t<\/div>\n\t\t\t\t\t\t<\/div>\n\t\t\t\t<\/div>\n\t\t\t\t<div class=\"elementor-element elementor-element-cb780a2 elementor-widget elementor-widget-text-editor\" data-id=\"cb780a2\" data-element_type=\"widget\" data-e-type=\"widget\" data-widget_type=\"text-editor.default\">\n\t\t\t\t<div class=\"elementor-widget-container\">\n\t\t\t\t\t\t\t\t\t<p><strong>NKD M\u00f3da s.r.o.<br \/><\/strong>Pivovarsk\u00e1 132<br \/>261 01 P\u0159\u00edbram<br \/>\u010cesk\u00e1 republika<\/p><p><strong>Tel.:<\/strong>\u00a0+420 317 855 333<br \/><strong>Email:\u00a0<\/strong><a href=\"mailto:e-box.cz@nkd.eu\"><strong>E-BOX.CZ@NKD.EU +<\/strong><\/a><\/p><p><strong>Commercial Court:<\/strong>\u00a0MSPH Amtsgericht in Prag<br \/><strong>Register No.:<\/strong>\u00a0C 336123<br \/><strong>Commercial register No.:<\/strong>\u00a008351643<br \/><strong>Tax ID No. &amp; VAT No.:<\/strong>\u00a0CZ 08351643<br \/>Represented by Udo Stefan Wiedemann and Bernd-Dietrich Bockamp<\/p>\t\t\t\t\t\t\t\t<\/div>\n\t\t\t\t<\/div>\n\t\t\t\t<div class=\"elementor-element elementor-element-771ead9 elementor-widget-divider--view-line elementor-widget elementor-widget-divider\" data-id=\"771ead9\" data-element_type=\"widget\" data-e-type=\"widget\" data-widget_type=\"divider.default\">\n\t\t\t\t<div class=\"elementor-widget-container\">\n\t\t\t\t\t\t\t<div class=\"elementor-divider\">\n\t\t\t<span class=\"elementor-divider-separator\">\n\t\t\t\t\t\t<\/span>\n\t\t<\/div>\n\t\t\t\t\t\t<\/div>\n\t\t\t\t<\/div>\n\t\t\t\t<div class=\"elementor-element elementor-element-882f2c5 elementor-widget elementor-widget-text-editor\" data-id=\"882f2c5\" data-element_type=\"widget\" data-e-type=\"widget\" data-widget_type=\"text-editor.default\">\n\t\t\t\t<div class=\"elementor-widget-container\">\n\t\t\t\t\t\t\t\t\t<p><strong>NKD MODA Sp. z.o.o<\/strong><br \/>Ul. \u017byczliwa 21\/3<br \/>53-030 Wroc\u0142aw<br \/>Poland<\/p><p><strong>Tel.:<\/strong>\u00a0+48 735 971 813<br \/><strong>Email:<\/strong>\u00a0<a href=\"mailto:biuro@nkd.pl\"><strong>BIURO@NKD.PL +<\/strong><\/a><\/p><p><strong>Commercial Court:<\/strong>\u00a0KRS (Krajowy Rejestr Sadowy) \u2013 VI Wydzia\u0142 Gospodarczy Krajowego Rejestru S\u0105dowego, S\u0105d Rejonowy dla Wroc\u0142awia \u2013 Fabrycznej<br \/><strong>Register No.:<\/strong>\u00a00000972715<br \/><strong>Registered capital:<\/strong>\u00a050.000,00 PLN<br \/><strong>Tax ID No. <\/strong><strong>&amp; VAT No.:<\/strong>\u00a0PL 8971906285<br \/><strong>BDO-Nr.:<\/strong>\u00a0000577722<br \/>Represented by Jens Gransee<\/p>\t\t\t\t\t\t\t\t<\/div>\n\t\t\t\t<\/div>\n\t\t\t\t\t<\/div>\n\t\t<\/div>\n\t\t\t\t<div class=\"elementor-column elementor-col-50 elementor-top-column elementor-element elementor-element-f036d01\" data-id=\"f036d01\" data-element_type=\"column\" data-e-type=\"column\">\n\t\t\t<div class=\"elementor-widget-wrap elementor-element-populated\">\n\t\t\t\t\t\t<div class=\"elementor-element elementor-element-a88095f elementor-widget elementor-widget-text-editor\" data-id=\"a88095f\" data-element_type=\"widget\" data-e-type=\"widget\" data-widget_type=\"text-editor.default\">\n\t\t\t\t<div class=\"elementor-widget-container\">\n\t\t\t\t\t\t\t\t\t<p>Responsible for content<br \/>Alexander Schm\u00f6kel<\/p><p><strong>Copyright and Trademark Protection<\/strong><br \/>Copyright 2017. NKD Group GmbH. All rights reserved. All texts, pictures, graphics, multimedia files such as layout underlie the copyright and the laws for protection of intellectual property. Any further use requires the express consent of NKD Group GmbH.<\/p><p><strong>Note:<\/strong><br \/>The information given here is used to fulfill the following legal obligations: \u00a75 Digital Services Act (DSA), \u00a74 Section 3 Bundesdatenschutzgesetz (BDSG), \u00a7312c B\u00fcrgerliches Gesetzbuch (BGB), \u00a7\u00a7lf. BGB-Informationspflichten Verordnung (BGB-InfoV).<\/p><p><strong>Legal Disclaimer:<\/strong><br \/><b>1. Limitation of Liability<br \/><\/b>The contents of this website are created with utmost care. However, NKD assumes no liability for the correctness, completeness and actuality of the content provided. The use of the contents of the website is at the user\u2019s own risk. Contributions identified by name represent the opinion of the respective author and not always the opinion of the provider. With the pure use of the website of the provider no contractual relationship between the user and the provider comes about.<\/p><p><strong>2. External Links<\/strong><br \/>This website contains links to websites of third parties (\u201cexternal links\u201d). These websites underlie the liability of the according operator. When the external links were linked for the first time, the provider checked the contents of third parties for any legal violations. At that time no legal violations were apparent. The provider has no influence on the current and future design and content of the linked pages. The setting of external links does not mean that the provider owns the content behind the link or link. A constant control of the external links is unreasonable for the provider without concrete indications of legal violations. In the case of knowledge of legal violations, however, such external links are immediately deleted.<\/p><p><strong>3. Copyright- and Ancillary copyright<\/strong><br \/>The contents published on this website are subject to the German copyright and ancillary copyright. Any exploitation not permitted under German copyright and ancillary copyright law requires the prior written consent of the provider or respective copyright owner. This applies in particular to the reproduction, processing, translation, storage, processing or reproduction of content in databases or other electronic media and systems. The content and rights of third parties are identified as such. The unauthorized duplication or dissemination of individual contents or complete pages is not permitted and punishable. Only the production of copies and downloads for personal, private and non-commercial use is permitted. The presentation of this website in foreign frames is only permitted with written permission.<\/p><p><strong>4. Data Protection<\/strong><br \/>By visiting the website of the provider, information about the access (date, time, page viewed) can be stored. These data are not part of the personal data but are anonymous. They are evaluated for statistical purposes only. A transfer to third parties, for commercial or non-commercial purposes, will not take place. The provider expressly points out that data transmission on the Internet (for example, by e-mail communication) has security gaps and cannot be completely protected against access by third parties. The use of contact data of the edition notice for commercial advertising is expressly not desired, unless the provider had previously given his written consent or a business relationship already exists. The provider and all persons mentioned on this website hereby object to any commercial use or disclosure of their data. See also Privacy Policy.<\/p><p><b>5. Special conditions of use<br \/><\/b>Insofar as special conditions for individual use of this website deviate from the aforementioned numbers 1 to 4, the corresponding point is explicitly indicated. In this case, the special conditions of use apply in the particular case.<\/p><p><b>6. Alternative dispute resolution\u00a0<br \/><\/b>We are not obligated and not willing to participate in a dispute resolution procedure before a consumer arbitration service.<\/p>\t\t\t\t\t\t\t\t<\/div>\n\t\t\t\t<\/div>\n\t\t\t\t\t<\/div>\n\t\t<\/div>\n\t\t\t\t\t<\/div>\n\t\t<\/section>\n\t\t\t\t<\/div>\n\t\t","protected":false},"excerpt":{"rendered":"<p>Legal Notice NKD Group GmbHB\u00fchlstra\u00dfe 5 \u2013 795463 BindlachGermany Tel.:\u00a0+49 89 20188840 (billable, according to your phone contract)Mo.-Fr. 8 a.m. to 8 p.m., Sa. 10 a.m. to 6 p.m.Fax:\u00a0+49 9208 699-209Email:\u00a0PRESSE@NKD.COM + Data Privacy Contact:Email:\u00a0DATENSCHUTZ@NKD.COM + Commercial Register:\u00a0Bayreuth HRB 5902District Court:\u00a0BayreuthVAT ID-No.:\u00a0DE 293 542 139WEEE-Reg.-Nr.:\u00a0DE 37783416Represented by Alexander Schm\u00f6kel and Nils Bolender NKD Deutschland GmbHB\u00fchlstra\u00dfe [&hellip;]<\/p>\n","protected":false},"author":2,"featured_media":0,"parent":0,"menu_order":0,"comment_status":"closed","ping_status":"closed","template":"","meta":{"_acf_changed":false,"footnotes":""},"categories":[],"class_list":["post-107","page","type-page","status-publish","hentry"],"acf":[],"_links":{"self":[{"href":"https:\/\/www.nkdgroup.com\/en\/wp-json\/wp\/v2\/pages\/107","targetHints":{"allow":["GET"]}}],"collection":[{"href":"https:\/\/www.nkdgroup.com\/en\/wp-json\/wp\/v2\/pages"}],"about":[{"href":"https:\/\/www.nkdgroup.com\/en\/wp-json\/wp\/v2\/types\/page"}],"author":[{"embeddable":true,"href":"https:\/\/www.nkdgroup.com\/en\/wp-json\/wp\/v2\/users\/2"}],"replies":[{"embeddable":true,"href":"https:\/\/www.nkdgroup.com\/en\/wp-json\/wp\/v2\/comments?post=107"}],"version-history":[{"count":7,"href":"https:\/\/www.nkdgroup.com\/en\/wp-json\/wp\/v2\/pages\/107\/revisions"}],"predecessor-version":[{"id":31089,"href":"https:\/\/www.nkdgroup.com\/en\/wp-json\/wp\/v2\/pages\/107\/revisions\/31089"}],"wp:attachment":[{"href":"https:\/\/www.nkdgroup.com\/en\/wp-json\/wp\/v2\/media?parent=107"}],"wp:term":[{"taxonomy":"category","embeddable":true,"href":"https:\/\/www.nkdgroup.com\/en\/wp-json\/wp\/v2\/categories?post=107"}],"curies":[{"name":"wp","href":"https:\/\/api.w.org\/{rel}","templated":true}]}}